{"id":882,"date":"2026-03-11T10:29:42","date_gmt":"2026-03-11T10:29:42","guid":{"rendered":"https:\/\/pruebas.dosocero.com\/?page_id=882"},"modified":"2026-04-09T07:23:35","modified_gmt":"2026-04-09T07:23:35","slug":"premio-de-poesia-paul-beckett","status":"publish","type":"page","link":"https:\/\/pruebas.dosocero.com\/","title":{"rendered":"PREMIO DE POES\u00cdA PAUL BECKETT"},"content":{"rendered":"<p>[et_pb_section fb_built=\u00bb1&#8243; custom_padding_last_edited=\u00bbon|phone\u00bb admin_label=\u00bbGallery\u00bb _builder_version=\u00bb4.27.5&#8243; _module_preset=\u00bbdefault\u00bb background_image=\u00bbhttps:\/\/pruebas.dosocero.com\/wp-content\/uploads\/2026\/03\/BANNER-scaled.png\u00bb custom_padding=\u00bb50px||50px||true|\u00bb custom_padding_tablet=\u00bb50px||50px||true|\u00bb custom_padding_phone=\u00bb10px||10px||true|false\u00bb collapsed=\u00bbon\u00bb global_colors_info=\u00bb{}\u00bb][et_pb_row _builder_version=\u00bb4.27.5&#8243; _module_preset=\u00bbdefault\u00bb custom_padding=\u00bb35px||50px|||\u00bb animation_style=\u00bbslide\u00bb locked=\u00bboff\u00bb global_colors_info=\u00bb{}\u00bb][et_pb_column type=\u00bb4_4&#8243; _builder_version=\u00bb4.27.5&#8243; _module_preset=\u00bbdefault\u00bb background_color=\u00bb#FFFFFF\u00bb custom_padding=\u00bb50px|50px|50px|50px|true|true\u00bb custom_padding_tablet=\u00bb30px|30px|30px|30px|true|true\u00bb custom_padding_phone=\u00bb20px|20px|20px|20px|true|true\u00bb custom_padding_last_edited=\u00bbon|desktop\u00bb global_colors_info=\u00bb{}\u00bb][et_pb_text _builder_version=\u00bb4.27.5&#8243; _module_preset=\u00bbc16985e1-e0d6-4022-964d-e2bfc04fa633&#8243; header_font=\u00bbPlayfair Display|700|||||||\u00bb header_text_align=\u00bbcenter\u00bb header_text_color=\u00bb#000000&#8243; header_font_size=\u00bb65px\u00bb header_line_height=\u00bb1.1em\u00bb header_font_size_tablet=\u00bb40px\u00bb header_font_size_phone=\u00bb24px\u00bb header_font_size_last_edited=\u00bbon|desktop\u00bb global_colors_info=\u00bb{}\u00bb]<\/p>\n<h1><span>Premio de poes\u00eda<\/span><br \/><span>\u201cPaul Beckett\u201d<\/span><\/h1>\n<p>[\/et_pb_text][\/et_pb_column][\/et_pb_row][\/et_pb_section][et_pb_section fb_built=\u00bb1&#8243; specialty=\u00bbon\u00bb _builder_version=\u00bb4.27.5&#8243; _module_preset=\u00bbdefault\u00bb custom_padding=\u00bb75px||34px||false|\u00bb global_colors_info=\u00bb{}\u00bb][et_pb_column type=\u00bb1_2&#8243; _builder_version=\u00bb4.16&#8243; custom_padding=\u00bb|||\u00bb global_colors_info=\u00bb{}\u00bb custom_padding__hover=\u00bb|||\u00bb][et_pb_text _builder_version=\u00bb4.27.5&#8243; _module_preset=\u00bb1f09816e-184e-4ce5-a4cf-b39c52c423ca\u00bb text_font=\u00bbMontserrat|300|||||||\u00bb text_line_height=\u00bb1.8em\u00bb background_color=\u00bb#FFFFFF\u00bb text_orientation=\u00bbjustified\u00bb custom_margin=\u00bb-25px|0px||0px|false|false\u00bb custom_padding=\u00bb|0px||0px|false|false\u00bb hover_enabled=\u00bb0&#8243; text_font_size_tablet=\u00bb15px\u00bb text_font_size_phone=\u00bb13px\u00bb text_font_size_last_edited=\u00bbon|phone\u00bb text_line_height_tablet=\u00bb1.8em\u00bb text_line_height_phone=\u00bb1.5em\u00bb text_line_height_last_edited=\u00bbon|phone\u00bb header_font_size_tablet=\u00bb55px\u00bb header_font_size_last_edited=\u00bboff|desktop\u00bb locked=\u00bboff\u00bb global_colors_info=\u00bb{}\u00bb sticky_enabled=\u00bb0&#8243;]<\/p>\n<p>Convocado desde 1999 por la <strong>Fundaci\u00f3n Valpara\u00edso<\/strong>, cumple con la intenci\u00f3n, por parte de esta, de fomentar la creaci\u00f3n art\u00edstica y la investigaci\u00f3n en el campo de las bellas artes, incluida la literatura.<\/p>\n<p>La convocatoria es internacional y, en cada edici\u00f3n, participan escritores en lengua espa\u00f1ola de Espa\u00f1a e Hispanoam\u00e9rica.<\/p>\n<p>Actualmente, el reconocimiento del ganador del certamen est\u00e1 constituido por un premio consistente en 3000\u20ac y la edici\u00f3n del libro en el sello BajAmar Ediciones, seg\u00fan la base s\u00e9ptima de la convocatoria, que dicta, asimismo la posibilidad de declarar el premio desierto y, a su vez, la imposibilidad de hacer uso de la figura del ex aequo.<\/p>\n<p>Adem\u00e1s, el ganador recibe un trofeo en madera esculpido por el artista c\u00e1ntabro Mariano Cobo.<\/p>\n<p>[\/et_pb_text][\/et_pb_column][et_pb_column type=\u00bb1_2&#8243; specialty_columns=\u00bb2&#8243; _builder_version=\u00bb4.16&#8243; custom_padding=\u00bb|||\u00bb global_colors_info=\u00bb{}\u00bb custom_padding__hover=\u00bb|||\u00bb][et_pb_row_inner _builder_version=\u00bb4.27.5&#8243; _module_preset=\u00bbdefault\u00bb background_color=\u00bb#def0f6&#8243; width=\u00bb100%\u00bb custom_margin=\u00bb||40px|45px|false|false\u00bb custom_margin_tablet=\u00bb||40px|45px|false|false\u00bb custom_margin_phone=\u00bb||30px|0px|false|false\u00bb custom_margin_last_edited=\u00bbon|phone\u00bb custom_padding=\u00bb30px|30px|30px|30px|true|true\u00bb animation_style=\u00bbslide\u00bb animation_direction=\u00bbright\u00bb box_shadow_style=\u00bbpreset3&#8243; global_colors_info=\u00bb{}\u00bb transform_styles__hover_enabled=\u00bbon|hover\u00bb transform_scale__hover_enabled=\u00bbon|hover\u00bb transform_translate__hover_enabled=\u00bbon|desktop\u00bb transform_rotate__hover_enabled=\u00bbon|desktop\u00bb transform_skew__hover_enabled=\u00bbon|desktop\u00bb transform_origin__hover_enabled=\u00bbon|desktop\u00bb transform_scale__hover=\u00bb103%|103%\u00bb][et_pb_column_inner saved_specialty_column_type=\u00bb1_2&#8243; _builder_version=\u00bb4.27.5&#8243; _module_preset=\u00bbdefault\u00bb global_colors_info=\u00bb{}\u00bb][et_pb_text _builder_version=\u00bb4.27.5&#8243; _dynamic_attributes=\u00bblink_option_url\u00bb _module_preset=\u00bbdefault\u00bb header_3_font=\u00bbPlayfair Display||||||||\u00bb header_3_text_align=\u00bbcenter\u00bb header_3_text_color=\u00bb#000000&#8243; header_3_font_size=\u00bb20px\u00bb header_3_line_height=\u00bb1.2em\u00bb link_option_url=\u00bb@ET-DC@eyJkeW5hbWljIjp0cnVlLCJjb250ZW50IjoicG9zdF9saW5rX3VybF9wYWdlIiwic2V0dGluZ3MiOnsicG9zdF9pZCI6Ijk1MyJ9fQ==@\u00bb header_3_font_size_tablet=\u00bb20px\u00bb header_3_font_size_phone=\u00bb18px\u00bb header_3_font_size_last_edited=\u00bbon|phone\u00bb header_3_line_height_tablet=\u00bb1.2em\u00bb header_3_line_height_phone=\u00bb1.2em\u00bb header_3_line_height_last_edited=\u00bbon|desktop\u00bb global_colors_info=\u00bb{}\u00bb content__hover_enabled=\u00bbon|hover\u00bb content__hover=\u00bb<\/p>\n<h3 style=%22text-align: left;%22><span style=%22text-decoration: underline;%22>JURADO PERMANENTE DEL PREMIO DE POES\u00cdA PAUL BECKETT<\/span><\/h3>\n<p>\u00ab]<\/p>\n<h3 style=\"text-align: left;\"><span>JURADO PERMANENTE DEL PREMIO DE POES\u00cdA PAUL BECKETT<\/span><\/h3>\n<p>[\/et_pb_text][\/et_pb_column_inner][\/et_pb_row_inner][et_pb_row_inner _builder_version=\u00bb4.27.5&#8243; _module_preset=\u00bbdefault\u00bb background_color=\u00bb#def0f6&#8243; width=\u00bb100%\u00bb custom_margin=\u00bb||40px|45px|false|false\u00bb custom_margin_tablet=\u00bb||40px|45px|false|false\u00bb custom_margin_phone=\u00bb||30px|0px|false|false\u00bb custom_margin_last_edited=\u00bbon|phone\u00bb custom_padding=\u00bb30px|30px|30px|30px|true|true\u00bb animation_style=\u00bbslide\u00bb animation_direction=\u00bbright\u00bb box_shadow_style=\u00bbpreset3&#8243; global_colors_info=\u00bb{}\u00bb transform_styles__hover_enabled=\u00bbon|hover\u00bb transform_scale__hover=\u00bb103%|103%\u00bb transform_scale__hover_enabled=\u00bbon|hover\u00bb transform_translate__hover_enabled=\u00bbon|desktop\u00bb transform_rotate__hover_enabled=\u00bbon|desktop\u00bb transform_skew__hover_enabled=\u00bbon|desktop\u00bb transform_origin__hover_enabled=\u00bbon|desktop\u00bb][et_pb_column_inner saved_specialty_column_type=\u00bb1_2&#8243; _builder_version=\u00bb4.27.5&#8243; _module_preset=\u00bbdefault\u00bb global_colors_info=\u00bb{}\u00bb][et_pb_text _builder_version=\u00bb4.27.5&#8243; _dynamic_attributes=\u00bblink_option_url\u00bb _module_preset=\u00bbdefault\u00bb header_3_font=\u00bbPlayfair Display||||||||\u00bb header_3_text_color=\u00bb#000000&#8243; header_3_font_size=\u00bb20px\u00bb custom_margin=\u00bb||11px|||\u00bb link_option_url=\u00bb@ET-DC@eyJkeW5hbWljIjp0cnVlLCJjb250ZW50IjoicG9zdF9saW5rX3VybF9wYWdlIiwic2V0dGluZ3MiOnsicG9zdF9pZCI6IjkzMyJ9fQ==@\u00bb global_colors_info=\u00bb{}\u00bb content__hover_enabled=\u00bbon|hover\u00bb content__hover=\u00bb<\/p>\n<h3><span style=%22text-decoration: underline;%22>XXVI edici\u00f3n<\/span><\/h3>\n<p>\u00ab]<\/p>\n<h3><span>XXVI edici\u00f3n<\/span><\/h3>\n<p>[\/et_pb_text][et_pb_text _builder_version=\u00bb4.27.5&#8243; _dynamic_attributes=\u00bblink_option_url\u00bb _module_preset=\u00bbdefault\u00bb header_3_font=\u00bbPlayfair Display||||||||\u00bb header_3_text_color=\u00bb#000000&#8243; header_3_font_size=\u00bb20px\u00bb link_option_url=\u00bb@ET-DC@eyJkeW5hbWljIjp0cnVlLCJjb250ZW50IjoicG9zdF9saW5rX3VybF9wYWdlIiwic2V0dGluZ3MiOnsicG9zdF9pZCI6Ijk0NyJ9fQ==@\u00bb global_colors_info=\u00bb{}\u00bb content__hover_enabled=\u00bbon|hover\u00bb content__hover=\u00bb<\/p>\n<h3><span style=%22text-decoration: underline;%22>Bases de la XXVI edici\u00f3n<\/span><\/h3>\n<p>\u00ab]<\/p>\n<h3><span>Bases de la XXVI edici\u00f3n<\/span><\/h3>\n<p>[\/et_pb_text][\/et_pb_column_inner][\/et_pb_row_inner][et_pb_row_inner _builder_version=\u00bb4.27.5&#8243; _module_preset=\u00bbdefault\u00bb background_color=\u00bb#def0f6&#8243; width=\u00bb100%\u00bb custom_margin=\u00bb||40px|45px|false|false\u00bb custom_margin_tablet=\u00bb||40px|45px|false|false\u00bb custom_margin_phone=\u00bb||30px|0px|false|false\u00bb custom_margin_last_edited=\u00bbon|phone\u00bb custom_padding=\u00bb30px|30px|30px|30px|true|true\u00bb animation_style=\u00bbslide\u00bb animation_direction=\u00bbright\u00bb box_shadow_style=\u00bbpreset3&#8243; global_colors_info=\u00bb{}\u00bb transform_styles__hover_enabled=\u00bbon|hover\u00bb transform_scale__hover=\u00bb103%|103%\u00bb transform_scale__hover_enabled=\u00bbon|hover\u00bb transform_translate__hover_enabled=\u00bbon|desktop\u00bb transform_rotate__hover_enabled=\u00bbon|desktop\u00bb transform_skew__hover_enabled=\u00bbon|desktop\u00bb transform_origin__hover_enabled=\u00bbon|desktop\u00bb][et_pb_column_inner saved_specialty_column_type=\u00bb1_2&#8243; _builder_version=\u00bb4.27.5&#8243; _module_preset=\u00bbdefault\u00bb global_colors_info=\u00bb{}\u00bb][et_pb_text _builder_version=\u00bb4.27.5&#8243; _dynamic_attributes=\u00bblink_option_url\u00bb _module_preset=\u00bbdefault\u00bb header_3_font=\u00bbPlayfair Display||||||||\u00bb header_3_text_color=\u00bb#000000&#8243; header_3_font_size=\u00bb20px\u00bb custom_margin=\u00bb||11px|||\u00bb link_option_url=\u00bb@ET-DC@eyJkeW5hbWljIjp0cnVlLCJjb250ZW50IjoicG9zdF9saW5rX3VybF9wYWdlIiwic2V0dGluZ3MiOnsicG9zdF9pZCI6Ijg5MyJ9fQ==@\u00bb global_colors_info=\u00bb{}\u00bb content__hover_enabled=\u00bbon|hover\u00bb content__hover=\u00bb<\/p>\n<h3><span style=%22text-decoration: underline;%22>XXV edici\u00f3n<\/span><\/h3>\n<p>\u00ab]<\/p>\n<h3><span>XXV edici\u00f3n<\/span><\/h3>\n<p>[\/et_pb_text][et_pb_text _builder_version=\u00bb4.27.5&#8243; _dynamic_attributes=\u00bblink_option_url\u00bb _module_preset=\u00bbdefault\u00bb header_3_font=\u00bbPlayfair Display||||||||\u00bb header_3_text_color=\u00bb#000000&#8243; header_3_font_size=\u00bb20px\u00bb link_option_url=\u00bb@ET-DC@eyJkeW5hbWljIjp0cnVlLCJjb250ZW50IjoicG9zdF9saW5rX3VybF9wYWdlIiwic2V0dGluZ3MiOnsicG9zdF9pZCI6IjEwMDUifX0=@\u00bb global_colors_info=\u00bb{}\u00bb content__hover_enabled=\u00bbon|hover\u00bb content__hover=\u00bb<\/p>\n<h3><span style=%22text-decoration: underline;%22>Bases de la XXV edici\u00f3n<\/span><\/h3>\n<p>\u00ab]<\/p>\n<h3><span>Bases de la XXV edici\u00f3n<\/span><\/h3>\n<p>[\/et_pb_text][\/et_pb_column_inner][\/et_pb_row_inner][\/et_pb_column][\/et_pb_section][et_pb_section fb_built=\u00bb1&#8243; admin_label=\u00bbDetails\u00bb _builder_version=\u00bb4.27.5&#8243; _module_preset=\u00bbdefault\u00bb background_color=\u00bb#F5F5F5&#8243; custom_padding=\u00bb0px||0px||true|false\u00bb locked=\u00bboff\u00bb collapsed=\u00bbon\u00bb global_colors_info=\u00bb{}\u00bb][et_pb_row column_structure=\u00bb1_2,1_2&#8243; make_equal=\u00bbon\u00bb _builder_version=\u00bb4.27.5&#8243; _module_preset=\u00bbdefault\u00bb width=\u00bb100%\u00bb max_width=\u00bb100%\u00bb custom_padding=\u00bb0px||0px||true|false\u00bb global_colors_info=\u00bb{}\u00bb][et_pb_column type=\u00bb1_2&#8243; _builder_version=\u00bb4.27.5&#8243; _module_preset=\u00bbdefault\u00bb background_image=\u00bbhttps:\/\/pruebas.dosocero.com\/wp-content\/uploads\/2026\/03\/premio-de-poesia-Paul-Beckett-byn.jpg\u00bb global_colors_info=\u00bb{}\u00bb][et_pb_divider show_divider=\u00bboff\u00bb _builder_version=\u00bb4.18.0&#8243; _module_preset=\u00bbdefault\u00bb height_tablet=\u00bb60vw\u00bb height_phone=\u00bb60vw\u00bb height_last_edited=\u00bbon|phone\u00bb global_colors_info=\u00bb{}\u00bb][\/et_pb_divider][\/et_pb_column][et_pb_column type=\u00bb1_2&#8243; _builder_version=\u00bb4.27.5&#8243; _module_preset=\u00bbdefault\u00bb custom_padding=\u00bb10%|30px|10%|30px|true|true\u00bb custom_padding_tablet=\u00bb10%|30px|10%|30px|true|true\u00bb custom_padding_phone=\u00bb|10%||10%|true|true\u00bb custom_padding_last_edited=\u00bbon|phone\u00bb global_colors_info=\u00bb{}\u00bb][et_pb_text _builder_version=\u00bb4.27.5&#8243; _module_preset=\u00bbb327cbe4-b1d5-4b66-ad37-40c8f2f061ba\u00bb header_font=\u00bbPlayfair Display||||||||\u00bb header_text_align=\u00bbleft\u00bb header_2_font=\u00bbPlayfair Display|700|||||||\u00bb header_2_text_align=\u00bbleft\u00bb header_2_text_color=\u00bb#6b9aa8&#8243; header_2_font_size=\u00bb30px\u00bb header_2_line_height=\u00bb1.35em\u00bb text_orientation=\u00bbcenter\u00bb custom_margin=\u00bb||35px||false|false\u00bb header_2_font_size_tablet=\u00bb32px\u00bb header_2_font_size_phone=\u00bb30px\u00bb header_2_font_size_last_edited=\u00bbon|desktop\u00bb locked=\u00bboff\u00bb global_colors_info=\u00bb{}\u00bb]<\/p>\n<h2 class=\"lp-h3\">Ganadores del premio<\/h2>\n<p>[\/et_pb_text][et_pb_text _builder_version=\u00bb4.27.5&#8243; _module_preset=\u00bb1f09816e-184e-4ce5-a4cf-b39c52c423ca\u00bb text_font=\u00bbMontserrat|300|||||||\u00bb text_line_height=\u00bb1.8em\u00bb background_color=\u00bbRGBA(255,255,255,0)\u00bb text_orientation=\u00bbjustified\u00bb custom_margin=\u00bb-25px|0px||0px|false|false\u00bb custom_padding=\u00bb|0px||0px|false|false\u00bb text_font_size_tablet=\u00bb15px\u00bb text_font_size_phone=\u00bb13px\u00bb text_font_size_last_edited=\u00bbon|phone\u00bb text_line_height_tablet=\u00bb1.8em\u00bb text_line_height_phone=\u00bb1.5em\u00bb text_line_height_last_edited=\u00bbon|phone\u00bb locked=\u00bboff\u00bb global_colors_info=\u00bb{}\u00bb]<\/p>\n<p>I. V\u00edctor Manuel Mi\u00f1ano por <em>Est\u00e1bamos hablando de ti<\/em><\/p>\n<p>II. Jos\u00e9 Javier Aleixandre por <em>Al final de los ojos y los labios<\/em><\/p>\n<p>III. Ex aequo: Francisco Mena Cantero por <em>Este vino antiguo<\/em> y Jos\u00e9 Luis Mart\u00edn Cea por <em>Soledad compartida<\/em><\/p>\n<p>IV. Leopoldo de Luis por <em>Cuaderno de San Bernardo<\/em><\/p>\n<p>V. Antonio Gracia por Por <em>Una elevada senda<\/em><\/p>\n<p>VI. Francisca Gata Amate por <em>El felino dormido<\/em><\/p>\n<p>VII. Mariano Altemir por <em>El arte de los sue\u00f1os<\/em><\/p>\n<p>VIII. Juan Van-Halen por <em>Vivir es ser otro<\/em><\/p>\n<p>IX. \u00d3scar Mart\u00edn Centeno por <em>Sucio tango del alma<\/em><\/p>\n<p>X. Joaqu\u00edn Ortega Parra por <em>Sin entrar en detalles, por supuesto<\/em><\/p>\n<p>XI. Ex aequo: Marta Policinska por <em>Tr\u00e1nsito<\/em> y Antonia \u00c1lvarez \u00c1lvarez por <em>Almas<\/em><\/p>\n<p>XII. Ignacio Arrabal por <em>La luz inversa<\/em><\/p>\n<p>XIII. Enrique Barrero Rodr\u00edguez por <em>Los h\u00e9roes derrotados<\/em><\/p>\n<p>XIV. Miguel Mej\u00eda por <em>Hacia d\u00f3nde<\/em><\/p>\n<p>XV. Mar\u00eda Luisa Garc\u00eda-Ochoa por <em>\u00daltima campanada del silencio<\/em><\/p>\n<p>XVI. Luis Moreno por <em>Tiempo de balcones<\/em><\/p>\n<p>XVII. Antonio Manilla por <em>Sin tiempo ni a\u00f1oranza<\/em><\/p>\n<p>XVIII. Ex aequo: Mar\u00eda Paz Cerrej\u00f3n por <em>Vanidades y sue\u00f1os<\/em> y Elisa Rueda por <em>Tentaci\u00f3n bot\u00e1nica<\/em><\/p>\n<p>XIX. V\u00edctor Jim\u00e9nez por <em>Frecuencia modulada<\/em><\/p>\n<p>XX. Ricardo Ruiz por <em>La condici\u00f3n humana<\/em><\/p>\n<p>XXI. Sara Carmona Llad\u00f3 por <em>La luz que se demora<\/em><\/p>\n<p>XXII. Carlos Aganzo por <em>Los perros y la niebla<\/em><\/p>\n<p>XXIII. Juan Frau por <em>El contorno de las horas<\/em><\/p>\n<p>XXIV. Marina Casado por <em>Otros sabr\u00e1n de m\u00ed<\/em><\/p>\n<p>XXV. Antonio Rivero Taravillo por <em>Un invierno en oto\u00f1o<\/em><\/p>\n<p>XXVI. Jorge Fern\u00e1ndez Gonzalo por <em>Tri\/to\/ma<\/em><\/p>\n<p>[\/et_pb_text][\/et_pb_column][\/et_pb_row][\/et_pb_section]<\/p>\n","protected":false},"excerpt":{"rendered":"<p>Premio de poes\u00eda\u201cPaul Beckett\u201dConvocado desde 1999 por la Fundaci\u00f3n Valpara\u00edso, cumple con la intenci\u00f3n, por parte de esta, de fomentar la creaci\u00f3n art\u00edstica y la investigaci\u00f3n en el campo de las bellas artes, incluida la literatura. La convocatoria es internacional y, en cada edici\u00f3n, participan escritores en lengua espa\u00f1ola de Espa\u00f1a e Hispanoam\u00e9rica. Actualmente, el [&hellip;]<\/p>\n","protected":false},"author":1,"featured_media":0,"parent":0,"menu_order":0,"comment_status":"closed","ping_status":"closed","template":"","meta":{"_et_pb_use_builder":"on","_et_pb_old_content":"<!-- wp:divi\/placeholder \/-->","_et_gb_content_width":"","footnotes":""},"class_list":["post-882","page","type-page","status-publish","hentry"],"yoast_head":"<!-- This site is optimized with the Yoast SEO plugin v26.9 - https:\/\/yoast.com\/product\/yoast-seo-wordpress\/ -->\n<title>PREMIO DE POES\u00cdA PAUL BECKETT - PRUEBAS<\/title>\n<meta name=\"description\" content=\"PREMIO DE POES\u00cdA PAUL BECKETT\" \/>\n<meta name=\"robots\" content=\"index, follow, max-snippet:-1, max-image-preview:large, max-video-preview:-1\" \/>\n<link rel=\"canonical\" href=\"https:\/\/pruebas.dosocero.com\/\" \/>\n<meta property=\"og:locale\" content=\"es_ES\" \/>\n<meta property=\"og:type\" content=\"article\" \/>\n<meta property=\"og:title\" content=\"PREMIO DE POES\u00cdA PAUL BECKETT - PRUEBAS\" \/>\n<meta property=\"og:description\" content=\"PREMIO DE POES\u00cdA PAUL BECKETT\" \/>\n<meta property=\"og:url\" content=\"https:\/\/pruebas.dosocero.com\/\" \/>\n<meta property=\"og:site_name\" content=\"PRUEBAS\" \/>\n<meta property=\"article:modified_time\" content=\"2026-04-09T07:23:35+00:00\" \/>\n<meta name=\"twitter:card\" content=\"summary_large_image\" \/>\n<script type=\"application\/ld+json\" class=\"yoast-schema-graph\">{\"@context\":\"https:\/\/schema.org\",\"@graph\":[{\"@type\":\"WebPage\",\"@id\":\"https:\/\/pruebas.dosocero.com\/\",\"url\":\"https:\/\/pruebas.dosocero.com\/\",\"name\":\"PREMIO DE POES\u00cdA PAUL BECKETT - PRUEBAS\",\"isPartOf\":{\"@id\":\"https:\/\/pruebas.dosocero.com\/#website\"},\"datePublished\":\"2026-03-11T10:29:42+00:00\",\"dateModified\":\"2026-04-09T07:23:35+00:00\",\"description\":\"PREMIO DE POES\u00cdA PAUL BECKETT\",\"breadcrumb\":{\"@id\":\"https:\/\/pruebas.dosocero.com\/#breadcrumb\"},\"inLanguage\":\"es\",\"potentialAction\":[{\"@type\":\"ReadAction\",\"target\":[\"https:\/\/pruebas.dosocero.com\/\"]}]},{\"@type\":\"BreadcrumbList\",\"@id\":\"https:\/\/pruebas.dosocero.com\/#breadcrumb\",\"itemListElement\":[{\"@type\":\"ListItem\",\"position\":1,\"name\":\"Portada\",\"item\":\"https:\/\/pruebas.dosocero.com\/\"},{\"@type\":\"ListItem\",\"position\":2,\"name\":\"PREMIO DE POES\u00cdA PAUL BECKETT\"}]},{\"@type\":\"WebSite\",\"@id\":\"https:\/\/pruebas.dosocero.com\/#website\",\"url\":\"https:\/\/pruebas.dosocero.com\/\",\"name\":\"PRUEBAS\",\"description\":\"S&oacute;lo otro sitio de WordPress\",\"potentialAction\":[{\"@type\":\"SearchAction\",\"target\":{\"@type\":\"EntryPoint\",\"urlTemplate\":\"https:\/\/pruebas.dosocero.com\/?s={search_term_string}\"},\"query-input\":{\"@type\":\"PropertyValueSpecification\",\"valueRequired\":true,\"valueName\":\"search_term_string\"}}],\"inLanguage\":\"es\"}]}<\/script>\n<!-- \/ Yoast SEO plugin. -->","yoast_head_json":{"title":"PREMIO DE POES\u00cdA PAUL BECKETT - PRUEBAS","description":"PREMIO DE POES\u00cdA PAUL BECKETT","robots":{"index":"index","follow":"follow","max-snippet":"max-snippet:-1","max-image-preview":"max-image-preview:large","max-video-preview":"max-video-preview:-1"},"canonical":"https:\/\/pruebas.dosocero.com\/","og_locale":"es_ES","og_type":"article","og_title":"PREMIO DE POES\u00cdA PAUL BECKETT - PRUEBAS","og_description":"PREMIO DE POES\u00cdA PAUL BECKETT","og_url":"https:\/\/pruebas.dosocero.com\/","og_site_name":"PRUEBAS","article_modified_time":"2026-04-09T07:23:35+00:00","twitter_card":"summary_large_image","schema":{"@context":"https:\/\/schema.org","@graph":[{"@type":"WebPage","@id":"https:\/\/pruebas.dosocero.com\/","url":"https:\/\/pruebas.dosocero.com\/","name":"PREMIO DE POES\u00cdA PAUL BECKETT - PRUEBAS","isPartOf":{"@id":"https:\/\/pruebas.dosocero.com\/#website"},"datePublished":"2026-03-11T10:29:42+00:00","dateModified":"2026-04-09T07:23:35+00:00","description":"PREMIO DE POES\u00cdA PAUL BECKETT","breadcrumb":{"@id":"https:\/\/pruebas.dosocero.com\/#breadcrumb"},"inLanguage":"es","potentialAction":[{"@type":"ReadAction","target":["https:\/\/pruebas.dosocero.com\/"]}]},{"@type":"BreadcrumbList","@id":"https:\/\/pruebas.dosocero.com\/#breadcrumb","itemListElement":[{"@type":"ListItem","position":1,"name":"Portada","item":"https:\/\/pruebas.dosocero.com\/"},{"@type":"ListItem","position":2,"name":"PREMIO DE POES\u00cdA PAUL BECKETT"}]},{"@type":"WebSite","@id":"https:\/\/pruebas.dosocero.com\/#website","url":"https:\/\/pruebas.dosocero.com\/","name":"PRUEBAS","description":"S&oacute;lo otro sitio de WordPress","potentialAction":[{"@type":"SearchAction","target":{"@type":"EntryPoint","urlTemplate":"https:\/\/pruebas.dosocero.com\/?s={search_term_string}"},"query-input":{"@type":"PropertyValueSpecification","valueRequired":true,"valueName":"search_term_string"}}],"inLanguage":"es"}]}},"_links":{"self":[{"href":"https:\/\/pruebas.dosocero.com\/index.php\/wp-json\/wp\/v2\/pages\/882","targetHints":{"allow":["GET"]}}],"collection":[{"href":"https:\/\/pruebas.dosocero.com\/index.php\/wp-json\/wp\/v2\/pages"}],"about":[{"href":"https:\/\/pruebas.dosocero.com\/index.php\/wp-json\/wp\/v2\/types\/page"}],"author":[{"embeddable":true,"href":"https:\/\/pruebas.dosocero.com\/index.php\/wp-json\/wp\/v2\/users\/1"}],"replies":[{"embeddable":true,"href":"https:\/\/pruebas.dosocero.com\/index.php\/wp-json\/wp\/v2\/comments?post=882"}],"version-history":[{"count":11,"href":"https:\/\/pruebas.dosocero.com\/index.php\/wp-json\/wp\/v2\/pages\/882\/revisions"}],"predecessor-version":[{"id":1048,"href":"https:\/\/pruebas.dosocero.com\/index.php\/wp-json\/wp\/v2\/pages\/882\/revisions\/1048"}],"wp:attachment":[{"href":"https:\/\/pruebas.dosocero.com\/index.php\/wp-json\/wp\/v2\/media?parent=882"}],"curies":[{"name":"wp","href":"https:\/\/api.w.org\/{rel}","templated":true}]}}