{"id":893,"date":"2026-03-11T12:05:42","date_gmt":"2026-03-11T12:05:42","guid":{"rendered":"https:\/\/pruebas.dosocero.com\/?page_id=893"},"modified":"2026-03-12T12:17:22","modified_gmt":"2026-03-12T12:17:22","slug":"xxv-edicion","status":"publish","type":"page","link":"https:\/\/pruebas.dosocero.com\/index.php\/xxv-edicion\/","title":{"rendered":"XXV EDICI\u00d3N"},"content":{"rendered":"<p>[et_pb_section fb_built=\u00bb1&#8243; _builder_version=\u00bb4.27.5&#8243; _module_preset=\u00bbdefault\u00bb background_image=\u00bbhttps:\/\/pruebas.dosocero.com\/wp-content\/uploads\/2026\/03\/ANTONIO-RIVERO-scaled.png\u00bb custom_padding=\u00bb150px||150px||true|false\u00bb global_colors_info=\u00bb{}\u00bb][et_pb_row column_structure=\u00bb2_5,3_5&#8243; _builder_version=\u00bb4.27.5&#8243; _module_preset=\u00bbdefault\u00bb custom_padding=\u00bb35px||50px|||\u00bb animation_style=\u00bbslide\u00bb animation_direction=\u00bbleft\u00bb global_colors_info=\u00bb{}\u00bb][et_pb_column type=\u00bb2_5&#8243; _builder_version=\u00bb4.27.5&#8243; _module_preset=\u00bbdefault\u00bb background_color=\u00bb#FFFFFF\u00bb custom_padding=\u00bb50px|50px|50px|50px|true|true\u00bb custom_padding_tablet=\u00bb30px|30px|30px|30px|true|true\u00bb custom_padding_phone=\u00bb20px|20px|20px|20px|true|true\u00bb custom_padding_last_edited=\u00bbon|desktop\u00bb global_colors_info=\u00bb{}\u00bb][et_pb_text _builder_version=\u00bb4.27.5&#8243; _module_preset=\u00bbe6504a1b-67eb-4b3d-b023-bcab277610b6&#8243; header_text_align=\u00bbcenter\u00bb header_2_font=\u00bbMontserrat|700||on|||||\u00bb header_2_text_align=\u00bbcenter\u00bb header_2_text_color=\u00bb#98cbe8&#8243; header_2_font_size=\u00bb16px\u00bb header_4_font=\u00bbUbuntu|700||on|||||\u00bb header_4_text_color=\u00bb#7090AE\u00bb header_4_font_size=\u00bb14px\u00bb header_4_line_height=\u00bb1.5em\u00bb custom_margin=\u00bb||10px||false|false\u00bb global_colors_info=\u00bb{}\u00bb]<\/p>\n<h2><span>ANTONIO RIVERO TARAVILLO POR UN INVIERNO EN OTO\u00d1O<\/span><\/h2>\n<p>[\/et_pb_text][et_pb_text _builder_version=\u00bb4.27.5&#8243; _module_preset=\u00bbc16985e1-e0d6-4022-964d-e2bfc04fa633&#8243; header_font=\u00bbPlayfair Display|700|||||||\u00bb header_text_align=\u00bbcenter\u00bb header_text_color=\u00bb#000000&#8243; header_font_size=\u00bb65px\u00bb header_line_height=\u00bb1.1em\u00bb header_font_size_tablet=\u00bb40px\u00bb header_font_size_phone=\u00bb24px\u00bb header_font_size_last_edited=\u00bbon|desktop\u00bb global_colors_info=\u00bb{}\u00bb]<\/p>\n<h1><span>XXV edici\u00f3n<\/span><\/h1>\n<p>[\/et_pb_text][\/et_pb_column][et_pb_column type=\u00bb3_5&#8243; _builder_version=\u00bb4.27.5&#8243; _module_preset=\u00bbdefault\u00bb background_enable_color=\u00bboff\u00bb custom_padding=\u00bb50px|50px|50px|50px|true|true\u00bb custom_padding_tablet=\u00bb30px|30px|30px|30px|true|true\u00bb custom_padding_phone=\u00bb20px|20px|20px|20px|true|true\u00bb custom_padding_last_edited=\u00bbon|desktop\u00bb global_colors_info=\u00bb{}\u00bb][\/et_pb_column][\/et_pb_row][\/et_pb_section][et_pb_section fb_built=\u00bb1&#8243; theme_builder_area=\u00bbpost_content\u00bb _builder_version=\u00bb4.27.5&#8243; _module_preset=\u00bbdefault\u00bb background_color=\u00bb#f5f5f5&#8243; hover_enabled=\u00bb0&#8243; sticky_enabled=\u00bb0&#8243; custom_padding=\u00bb0px||0px||true|false\u00bb][et_pb_row _builder_version=\u00bb4.27.5&#8243; _module_preset=\u00bbdefault\u00bb theme_builder_area=\u00bbpost_content\u00bb border_width_left=\u00bb2px\u00bb hover_enabled=\u00bb0&#8243; sticky_enabled=\u00bb0&#8243; custom_padding=\u00bb100px||0px|60px|false|false\u00bb animation_style=\u00bbslide\u00bb animation_direction=\u00bbtop\u00bb animation_intensity_slide=\u00bb10%\u00bb animation_delay=\u00bb150ms\u00bb][et_pb_column _builder_version=\u00bb4.27.5&#8243; _module_preset=\u00bbdefault\u00bb type=\u00bb4_4&#8243; theme_builder_area=\u00bbpost_content\u00bb][et_pb_text _builder_version=\u00bb4.27.5&#8243; _module_preset=\u00bbb327cbe4-b1d5-4b66-ad37-40c8f2f061ba\u00bb header_2_font=\u00bbPlayfair Display|700|||||||\u00bb header_2_text_color=\u00bb#000000&#8243; header_2_font_size=\u00bb45px\u00bb header_2_line_height=\u00bb1.35em\u00bb header_3_font=\u00bbPlayfair Display||||||||\u00bb header_3_font_size=\u00bb40px\u00bb header_3_line_height=\u00bb1.5em\u00bb custom_margin=\u00bb-6px|||||\u00bb custom_padding=\u00bb|0px||||\u00bb hover_enabled=\u00bb0&#8243; header_2_font_size_tablet=\u00bb32px\u00bb header_2_font_size_phone=\u00bb20px\u00bb header_2_font_size_last_edited=\u00bbon|desktop\u00bb locked=\u00bboff\u00bb global_colors_info=\u00bb{}\u00bb theme_builder_area=\u00bbpost_content\u00bb sticky_enabled=\u00bb0&#8243;]<\/p>\n<h3>Antonio Rivero Taravillo (1963-2025)<\/h3>\n<p>[\/et_pb_text][et_pb_text _builder_version=\u00bb4.27.5&#8243; _module_preset=\u00bb1f09816e-184e-4ce5-a4cf-b39c52c423ca\u00bb text_font=\u00bbMontserrat|300|||||||\u00bb text_line_height=\u00bb1.8em\u00bb background_color=\u00bbRGBA(255,255,255,0)\u00bb custom_margin=\u00bb2px|0px||0px|false|false\u00bb custom_padding=\u00bb|0px||0px|false|false\u00bb hover_enabled=\u00bb0&#8243; text_font_size_tablet=\u00bb15px\u00bb text_font_size_phone=\u00bb14px\u00bb text_font_size_last_edited=\u00bbon|phone\u00bb header_font_size_tablet=\u00bb55px\u00bb header_font_size_last_edited=\u00bboff|desktop\u00bb locked=\u00bboff\u00bb global_colors_info=\u00bb{}\u00bb theme_builder_area=\u00bbpost_content\u00bb sticky_enabled=\u00bb0&#8243;]<\/p>\n<p>Residi\u00f3 en Sevilla. Fue poeta, novelista, ensayista, autor de libros de viaje, bi\u00f3grafo de Luis Cernuda, Juan Eduardo Cirlot y \u00c1lvaro Cunqueiro.<\/p>\n<p>Public\u00f3 diecisiete libros de poemas, el m\u00e1s reciente de los cuales es <em>Luna sin rostro<\/em> (Pre-Textos, 2024). Entre los premios que recibi\u00f3 est\u00e1n el Comillas y Antonio Dom\u00ednguez Ortiz, ambos de biograf\u00eda; el Ciudad de Lucena Lara Cantizani o el Ciudad de Alcal\u00e1 de poes\u00eda; y el Rafael P\u00e9rez Estrada de aforismos.<\/p>\n<p>Public\u00f3 numerosas traducciones literarias, incluida la <em>Poes\u00eda completa<\/em> de William Shakespeare o la <em>Poes\u00eda reunida<\/em> de W. B. Yeats. Otros autores a los que tradujo fueron Jonathan Swift, Flann O\u2019Brien, Liam O\u2019Flaherty y Margaret Drabble.<\/p>\n<p>Fue colaborador habitual de las revistas <em>Cuadernos Hispanoamericanos, Letras Libres<\/em> y <em>Letra Global<\/em>, entre otras, y de <em>Diario de Sevilla<\/em> y el resto de las cabeceras del Grupo Joly. Fue el fundador y director de la revista <em>Estaci\u00f3n Poes\u00eda<\/em>, de la Universidad de Sevilla, desde 2014 hasta su desaparici\u00f3n en 2024.<\/p>\n<p>[\/et_pb_text][\/et_pb_column][\/et_pb_row][\/et_pb_section][et_pb_section fb_built=\u00bb1&#8243; admin_label=\u00bbServices\u00bb _builder_version=\u00bb4.18.0&#8243; _module_preset=\u00bbdefault\u00bb background_color=\u00bb#F5F5F5&#8243; custom_margin=\u00bb0px|||||\u00bb custom_padding=\u00bb||30px|||\u00bb collapsed=\u00bbon\u00bb global_colors_info=\u00bb{}\u00bb][et_pb_row column_structure=\u00bb2_5,3_5&#8243; _builder_version=\u00bb4.27.5&#8243; _module_preset=\u00bbdefault\u00bb custom_padding=\u00bb40px||50px|||\u00bb hover_enabled=\u00bb0&#8243; global_colors_info=\u00bb{}\u00bb use_custom_gutter=\u00bbon\u00bb gutter_width=\u00bb2&#8243; sticky_enabled=\u00bb0&#8243;][et_pb_column type=\u00bb2_5&#8243; _builder_version=\u00bb4.18.0&#8243; _module_preset=\u00bbdefault\u00bb global_colors_info=\u00bb{}\u00bb][et_pb_image src=\u00bbhttps:\/\/pruebas.dosocero.com\/wp-content\/uploads\/2026\/03\/ANTONIO-RIVERO-TARAVILLO-UN-INVIERNO-EN-OTONO-scaled.jpg\u00bb title_text=\u00bbANTONIO RIVERO TARAVILLO UN INVIERNO EN OTO\u00d1O\u00bb url=\u00bbhttps:\/\/www.bajamareditores.com\/product\/un-invierno-en-otono\/\u00bb url_new_window=\u00bbon\u00bb _builder_version=\u00bb4.27.5&#8243; _module_preset=\u00bbdefault\u00bb width=\u00bb90%\u00bb global_colors_info=\u00bb{}\u00bb][\/et_pb_image][\/et_pb_column][et_pb_column type=\u00bb3_5&#8243; _builder_version=\u00bb4.18.0&#8243; _module_preset=\u00bbdefault\u00bb global_colors_info=\u00bb{}\u00bb][et_pb_text _builder_version=\u00bb4.27.5&#8243; _module_preset=\u00bbb327cbe4-b1d5-4b66-ad37-40c8f2f061ba\u00bb header_2_font=\u00bbPlayfair Display|700|||||||\u00bb header_2_text_color=\u00bb#000000&#8243; header_2_font_size=\u00bb29px\u00bb header_2_line_height=\u00bb1.35em\u00bb header_3_font=\u00bbPlayfair Display||||||||\u00bb header_3_font_size=\u00bb30px\u00bb header_3_line_height=\u00bb1.5em\u00bb custom_margin=\u00bb-6px|||||\u00bb custom_padding=\u00bb|0px||||\u00bb hover_enabled=\u00bb0&#8243; header_2_font_size_tablet=\u00bb32px\u00bb header_2_font_size_phone=\u00bb20px\u00bb header_2_font_size_last_edited=\u00bbon|desktop\u00bb locked=\u00bboff\u00bb global_colors_info=\u00bb{}\u00bb theme_builder_area=\u00bbpost_content\u00bb sticky_enabled=\u00bb0&#8243;]<\/p>\n<h3>\u00abUn invierno en oto\u00f1o\u00bb<\/h3>\n<p>[\/et_pb_text][et_pb_text _builder_version=\u00bb4.27.5&#8243; _module_preset=\u00bb1f09816e-184e-4ce5-a4cf-b39c52c423ca\u00bb text_font=\u00bbMontserrat|300|||||||\u00bb text_text_color=\u00bb#000000&#8243; text_line_height=\u00bb1.8em\u00bb link_font=\u00bb|600|||||||\u00bb link_text_color=\u00bb#000000&#8243; background_color=\u00bbRGBA(255,255,255,0)\u00bb custom_margin=\u00bb0px|0px||0px|false|false\u00bb custom_padding=\u00bb|0px||0px|false|false\u00bb hover_enabled=\u00bb0&#8243; text_font_size_tablet=\u00bb15px\u00bb text_font_size_phone=\u00bb14px\u00bb text_font_size_last_edited=\u00bbon|phone\u00bb header_font_size_tablet=\u00bb55px\u00bb header_font_size_last_edited=\u00bboff|desktop\u00bb locked=\u00bboff\u00bb global_colors_info=\u00bb{}\u00bb sticky_enabled=\u00bb0&#8243;]<\/p>\n<p>El fallo del Jurado tuvo lugar el viernes 7 de marzo de 2025 en un caf\u00e9 madrile\u00f1o. Actu\u00f3 como presidenta Marina Casado, como secretario Francisco Jos\u00e9 Mart\u00ednez Mor\u00e1n y fueron vocales Eduardo Balb\u00e1s de Arenaza, Luisa Cruz Picallo, Amalia Bautista y Ver\u00f3nica Aranda. Adem\u00e1s, en representaci\u00f3n de la Fundaci\u00f3n Valpara\u00edso, intervino con voz, pero sin voto, Ricardo Rodr\u00edguez D\u00edez.<\/p>\n<p>De las 1.040 obras presentadas este a\u00f1o, tras realizarse el correspondiente proceso de preselecci\u00f3n por profesionales de reconocido prestigio en el \u00e1mbito po\u00e9tico espa\u00f1ol, diez fueron sometidas a criterio directo del Jurado. Una vez resaltada un\u00e1nimemente la calidad de los manuscritos valorados y tras la oportuna deliberaci\u00f3n, acordaron por mayor\u00eda otorgar el Premio a la obra <a href=\"https:\/\/www.bajamareditores.com\/product\/un-invierno-en-otono\/\">Un invierno en oto\u00f1o<\/a>, presentada bajo la plica se\u00f1alada con el n\u00famero de orden 658, con seud\u00f3nimo \u00abSupervivencia\u00bb.<\/p>\n<p>Del libro se destacaron \u00abel oficio y sus logros estil\u00edsticos; su di\u00e1logo con la tradici\u00f3n hisp\u00e1nica y anglosajona; y las reflexiones metaf\u00edsicas sobre la enfermedad. La voz l\u00edrica de la obra realiza un repaso por su vida y reafirma su identidad a partir del mundo que lo rodea: los lugares y, sobre todo, las personas. A lo largo del poemario se percibe una sabidur\u00eda serena que contribuye al resultado global del libro\u00bb.<\/p>\n<p>[\/et_pb_text][\/et_pb_column][\/et_pb_row][\/et_pb_section][et_pb_section fb_built=\u00bb1&#8243; _builder_version=\u00bb4.27.5&#8243; _module_preset=\u00bbdefault\u00bb background_color=\u00bb#000000&#8243; custom_padding=\u00bb0px||0px||true|false\u00bb global_colors_info=\u00bb{}\u00bb][et_pb_row column_structure=\u00bb1_3,1_3,1_3&#8243; use_custom_gutter=\u00bbon\u00bb gutter_width=\u00bb1&#8243; _builder_version=\u00bb4.27.5&#8243; _module_preset=\u00bbdefault\u00bb width=\u00bb100%\u00bb max_width=\u00bb2560px\u00bb custom_padding=\u00bb0px||0px||true|false\u00bb global_colors_info=\u00bb{}\u00bb][et_pb_column type=\u00bb1_3&#8243; _builder_version=\u00bb4.27.5&#8243; _module_preset=\u00bbdefault\u00bb global_colors_info=\u00bb{}\u00bb][et_pb_image src=\u00bbhttps:\/\/pruebas.dosocero.com\/wp-content\/uploads\/2026\/03\/2.png\u00bb title_text=\u00bb1&#8243; force_fullwidth=\u00bbon\u00bb _builder_version=\u00bb4.27.5&#8243; _module_preset=\u00bbdefault\u00bb custom_padding=\u00bb0px|||||\u00bb global_colors_info=\u00bb{}\u00bb src__hover_enabled=\u00bbon|desktop\u00bb src__hover=\u00bbhttps:\/\/pruebas.dosocero.com\/wp-content\/uploads\/2026\/03\/1.png\u00bb][\/et_pb_image][\/et_pb_column][et_pb_column type=\u00bb1_3&#8243; _builder_version=\u00bb4.27.5&#8243; _module_preset=\u00bbdefault\u00bb global_colors_info=\u00bb{}\u00bb][et_pb_image src=\u00bbhttps:\/\/pruebas.dosocero.com\/wp-content\/uploads\/2026\/03\/6.png\u00bb title_text=\u00bb5&#8243; force_fullwidth=\u00bbon\u00bb _builder_version=\u00bb4.27.5&#8243; _module_preset=\u00bbdefault\u00bb custom_padding=\u00bb0px|||||\u00bb global_colors_info=\u00bb{}\u00bb src__hover_enabled=\u00bbon|hover\u00bb src__hover=\u00bbhttps:\/\/pruebas.dosocero.com\/wp-content\/uploads\/2026\/03\/5.png\u00bb][\/et_pb_image][\/et_pb_column][et_pb_column type=\u00bb1_3&#8243; _builder_version=\u00bb4.27.5&#8243; _module_preset=\u00bbdefault\u00bb global_colors_info=\u00bb{}\u00bb][et_pb_image src=\u00bbhttps:\/\/pruebas.dosocero.com\/wp-content\/uploads\/2026\/03\/4.png\u00bb title_text=\u00bb3&#8243; force_fullwidth=\u00bbon\u00bb _builder_version=\u00bb4.27.5&#8243; _module_preset=\u00bbdefault\u00bb custom_padding=\u00bb0px|||||\u00bb global_colors_info=\u00bb{}\u00bb src__hover_enabled=\u00bbon|hover\u00bb src__hover=\u00bbhttps:\/\/pruebas.dosocero.com\/wp-content\/uploads\/2026\/03\/3.png\u00bb][\/et_pb_image][\/et_pb_column][\/et_pb_row][\/et_pb_section]<\/p>\n","protected":false},"excerpt":{"rendered":"<p>ANTONIO RIVERO TARAVILLO POR UN INVIERNO EN OTO\u00d1OXXV edici\u00f3nAntonio Rivero Taravillo (1963-2025)Residi\u00f3 en Sevilla. Fue poeta, novelista, ensayista, autor de libros de viaje, bi\u00f3grafo de Luis Cernuda, Juan Eduardo Cirlot y \u00c1lvaro Cunqueiro. Public\u00f3 diecisiete libros de poemas, el m\u00e1s reciente de los cuales es Luna sin rostro (Pre-Textos, 2024). Entre los premios que recibi\u00f3 [&hellip;]<\/p>\n","protected":false},"author":1,"featured_media":0,"parent":0,"menu_order":0,"comment_status":"closed","ping_status":"closed","template":"","meta":{"_et_pb_use_builder":"on","_et_pb_old_content":"<!-- wp:divi\/placeholder \/-->","_et_gb_content_width":"","footnotes":""},"class_list":["post-893","page","type-page","status-publish","hentry"],"yoast_head":"<!-- This site is optimized with the Yoast SEO plugin v26.9 - https:\/\/yoast.com\/product\/yoast-seo-wordpress\/ -->\n<title>XXV EDICI\u00d3N - PRUEBAS<\/title>\n<meta name=\"robots\" content=\"index, follow, max-snippet:-1, max-image-preview:large, max-video-preview:-1\" \/>\n<link rel=\"canonical\" href=\"https:\/\/pruebas.dosocero.com\/index.php\/xxv-edicion\/\" \/>\n<meta property=\"og:locale\" content=\"es_ES\" \/>\n<meta property=\"og:type\" content=\"article\" \/>\n<meta property=\"og:title\" content=\"XXV EDICI\u00d3N - PRUEBAS\" \/>\n<meta property=\"og:description\" content=\"ANTONIO RIVERO TARAVILLO POR UN INVIERNO EN OTO\u00d1OXXV edici\u00f3nAntonio Rivero Taravillo (1963-2025)Residi\u00f3 en Sevilla. Fue poeta, novelista, ensayista, autor de libros de viaje, bi\u00f3grafo de Luis Cernuda, Juan Eduardo Cirlot y \u00c1lvaro Cunqueiro. Public\u00f3 diecisiete libros de poemas, el m\u00e1s reciente de los cuales es Luna sin rostro (Pre-Textos, 2024). Entre los premios que recibi\u00f3 [&hellip;]\" \/>\n<meta property=\"og:url\" content=\"https:\/\/pruebas.dosocero.com\/index.php\/xxv-edicion\/\" \/>\n<meta property=\"og:site_name\" content=\"PRUEBAS\" \/>\n<meta property=\"article:modified_time\" content=\"2026-03-12T12:17:22+00:00\" \/>\n<meta name=\"twitter:card\" content=\"summary_large_image\" \/>\n<script type=\"application\/ld+json\" class=\"yoast-schema-graph\">{\"@context\":\"https:\/\/schema.org\",\"@graph\":[{\"@type\":\"WebPage\",\"@id\":\"https:\/\/pruebas.dosocero.com\/index.php\/xxv-edicion\/\",\"url\":\"https:\/\/pruebas.dosocero.com\/index.php\/xxv-edicion\/\",\"name\":\"XXV EDICI\u00d3N - PRUEBAS\",\"isPartOf\":{\"@id\":\"https:\/\/pruebas.dosocero.com\/#website\"},\"datePublished\":\"2026-03-11T12:05:42+00:00\",\"dateModified\":\"2026-03-12T12:17:22+00:00\",\"breadcrumb\":{\"@id\":\"https:\/\/pruebas.dosocero.com\/index.php\/xxv-edicion\/#breadcrumb\"},\"inLanguage\":\"es\",\"potentialAction\":[{\"@type\":\"ReadAction\",\"target\":[\"https:\/\/pruebas.dosocero.com\/index.php\/xxv-edicion\/\"]}]},{\"@type\":\"BreadcrumbList\",\"@id\":\"https:\/\/pruebas.dosocero.com\/index.php\/xxv-edicion\/#breadcrumb\",\"itemListElement\":[{\"@type\":\"ListItem\",\"position\":1,\"name\":\"Portada\",\"item\":\"https:\/\/pruebas.dosocero.com\/\"},{\"@type\":\"ListItem\",\"position\":2,\"name\":\"XXV EDICI\u00d3N\"}]},{\"@type\":\"WebSite\",\"@id\":\"https:\/\/pruebas.dosocero.com\/#website\",\"url\":\"https:\/\/pruebas.dosocero.com\/\",\"name\":\"PRUEBAS\",\"description\":\"S&oacute;lo otro sitio de WordPress\",\"potentialAction\":[{\"@type\":\"SearchAction\",\"target\":{\"@type\":\"EntryPoint\",\"urlTemplate\":\"https:\/\/pruebas.dosocero.com\/?s={search_term_string}\"},\"query-input\":{\"@type\":\"PropertyValueSpecification\",\"valueRequired\":true,\"valueName\":\"search_term_string\"}}],\"inLanguage\":\"es\"}]}<\/script>\n<!-- \/ Yoast SEO plugin. -->","yoast_head_json":{"title":"XXV EDICI\u00d3N - PRUEBAS","robots":{"index":"index","follow":"follow","max-snippet":"max-snippet:-1","max-image-preview":"max-image-preview:large","max-video-preview":"max-video-preview:-1"},"canonical":"https:\/\/pruebas.dosocero.com\/index.php\/xxv-edicion\/","og_locale":"es_ES","og_type":"article","og_title":"XXV EDICI\u00d3N - PRUEBAS","og_description":"ANTONIO RIVERO TARAVILLO POR UN INVIERNO EN OTO\u00d1OXXV edici\u00f3nAntonio Rivero Taravillo (1963-2025)Residi\u00f3 en Sevilla. Fue poeta, novelista, ensayista, autor de libros de viaje, bi\u00f3grafo de Luis Cernuda, Juan Eduardo Cirlot y \u00c1lvaro Cunqueiro. Public\u00f3 diecisiete libros de poemas, el m\u00e1s reciente de los cuales es Luna sin rostro (Pre-Textos, 2024). Entre los premios que recibi\u00f3 [&hellip;]","og_url":"https:\/\/pruebas.dosocero.com\/index.php\/xxv-edicion\/","og_site_name":"PRUEBAS","article_modified_time":"2026-03-12T12:17:22+00:00","twitter_card":"summary_large_image","schema":{"@context":"https:\/\/schema.org","@graph":[{"@type":"WebPage","@id":"https:\/\/pruebas.dosocero.com\/index.php\/xxv-edicion\/","url":"https:\/\/pruebas.dosocero.com\/index.php\/xxv-edicion\/","name":"XXV EDICI\u00d3N - PRUEBAS","isPartOf":{"@id":"https:\/\/pruebas.dosocero.com\/#website"},"datePublished":"2026-03-11T12:05:42+00:00","dateModified":"2026-03-12T12:17:22+00:00","breadcrumb":{"@id":"https:\/\/pruebas.dosocero.com\/index.php\/xxv-edicion\/#breadcrumb"},"inLanguage":"es","potentialAction":[{"@type":"ReadAction","target":["https:\/\/pruebas.dosocero.com\/index.php\/xxv-edicion\/"]}]},{"@type":"BreadcrumbList","@id":"https:\/\/pruebas.dosocero.com\/index.php\/xxv-edicion\/#breadcrumb","itemListElement":[{"@type":"ListItem","position":1,"name":"Portada","item":"https:\/\/pruebas.dosocero.com\/"},{"@type":"ListItem","position":2,"name":"XXV EDICI\u00d3N"}]},{"@type":"WebSite","@id":"https:\/\/pruebas.dosocero.com\/#website","url":"https:\/\/pruebas.dosocero.com\/","name":"PRUEBAS","description":"S&oacute;lo otro sitio de WordPress","potentialAction":[{"@type":"SearchAction","target":{"@type":"EntryPoint","urlTemplate":"https:\/\/pruebas.dosocero.com\/?s={search_term_string}"},"query-input":{"@type":"PropertyValueSpecification","valueRequired":true,"valueName":"search_term_string"}}],"inLanguage":"es"}]}},"_links":{"self":[{"href":"https:\/\/pruebas.dosocero.com\/index.php\/wp-json\/wp\/v2\/pages\/893","targetHints":{"allow":["GET"]}}],"collection":[{"href":"https:\/\/pruebas.dosocero.com\/index.php\/wp-json\/wp\/v2\/pages"}],"about":[{"href":"https:\/\/pruebas.dosocero.com\/index.php\/wp-json\/wp\/v2\/types\/page"}],"author":[{"embeddable":true,"href":"https:\/\/pruebas.dosocero.com\/index.php\/wp-json\/wp\/v2\/users\/1"}],"replies":[{"embeddable":true,"href":"https:\/\/pruebas.dosocero.com\/index.php\/wp-json\/wp\/v2\/comments?post=893"}],"version-history":[{"count":7,"href":"https:\/\/pruebas.dosocero.com\/index.php\/wp-json\/wp\/v2\/pages\/893\/revisions"}],"predecessor-version":[{"id":966,"href":"https:\/\/pruebas.dosocero.com\/index.php\/wp-json\/wp\/v2\/pages\/893\/revisions\/966"}],"wp:attachment":[{"href":"https:\/\/pruebas.dosocero.com\/index.php\/wp-json\/wp\/v2\/media?parent=893"}],"curies":[{"name":"wp","href":"https:\/\/api.w.org\/{rel}","templated":true}]}}