{"id":933,"date":"2026-03-11T13:08:18","date_gmt":"2026-03-11T13:08:18","guid":{"rendered":"https:\/\/pruebas.dosocero.com\/?page_id=933"},"modified":"2026-03-16T10:21:13","modified_gmt":"2026-03-16T10:21:13","slug":"xxvi-edicion","status":"publish","type":"page","link":"https:\/\/pruebas.dosocero.com\/index.php\/xxvi-edicion\/","title":{"rendered":"XXVI EDICI\u00d3N"},"content":{"rendered":"<p>[et_pb_section fb_built=\u00bb1&#8243; _builder_version=\u00bb4.27.5&#8243; _module_preset=\u00bbdefault\u00bb background_image=\u00bbhttps:\/\/pruebas.dosocero.com\/wp-content\/uploads\/2026\/03\/XXVI-EDICION-scaled.png\u00bb custom_padding=\u00bb150px||150px||true|false\u00bb global_colors_info=\u00bb{}\u00bb][et_pb_row column_structure=\u00bb2_5,3_5&#8243; _builder_version=\u00bb4.27.5&#8243; _module_preset=\u00bbdefault\u00bb custom_padding=\u00bb35px||50px|||\u00bb animation_style=\u00bbslide\u00bb animation_direction=\u00bbleft\u00bb global_colors_info=\u00bb{}\u00bb][et_pb_column type=\u00bb2_5&#8243; _builder_version=\u00bb4.27.5&#8243; _module_preset=\u00bbdefault\u00bb background_color=\u00bb#FFFFFF\u00bb custom_padding=\u00bb50px|50px|50px|50px|true|true\u00bb custom_padding_tablet=\u00bb30px|30px|30px|30px|true|true\u00bb custom_padding_phone=\u00bb20px|20px|20px|20px|true|true\u00bb custom_padding_last_edited=\u00bbon|desktop\u00bb global_colors_info=\u00bb{}\u00bb][et_pb_text _builder_version=\u00bb4.27.5&#8243; _module_preset=\u00bbe6504a1b-67eb-4b3d-b023-bcab277610b6&#8243; header_text_align=\u00bbcenter\u00bb header_2_font=\u00bbMontserrat|700||on|||||\u00bb header_2_text_align=\u00bbcenter\u00bb header_2_text_color=\u00bb#98cbe8&#8243; header_2_font_size=\u00bb16px\u00bb header_4_font=\u00bbUbuntu|700||on|||||\u00bb header_4_text_color=\u00bb#7090AE\u00bb header_4_font_size=\u00bb14px\u00bb header_4_line_height=\u00bb1.5em\u00bb custom_margin=\u00bb||10px||false|false\u00bb global_colors_info=\u00bb{}\u00bb]<\/p>\n<h2><span>JORGE FERN\u00c1NDEZ GONZALO POR TRI\/TO\/MA<\/span><\/h2>\n<p>[\/et_pb_text][et_pb_text _builder_version=\u00bb4.27.5&#8243; _module_preset=\u00bbc16985e1-e0d6-4022-964d-e2bfc04fa633&#8243; header_font=\u00bbPlayfair Display|700|||||||\u00bb header_text_align=\u00bbcenter\u00bb header_text_color=\u00bb#000000&#8243; header_font_size=\u00bb65px\u00bb header_line_height=\u00bb1.1em\u00bb header_font_size_tablet=\u00bb40px\u00bb header_font_size_phone=\u00bb24px\u00bb header_font_size_last_edited=\u00bbon|desktop\u00bb global_colors_info=\u00bb{}\u00bb]<\/p>\n<h1><span>XXVI edici\u00f3n<\/span><\/h1>\n<p>[\/et_pb_text][\/et_pb_column][et_pb_column type=\u00bb3_5&#8243; _builder_version=\u00bb4.27.5&#8243; _module_preset=\u00bbdefault\u00bb background_enable_color=\u00bboff\u00bb custom_padding=\u00bb50px|50px|50px|50px|true|true\u00bb custom_padding_tablet=\u00bb30px|30px|30px|30px|true|true\u00bb custom_padding_phone=\u00bb20px|20px|20px|20px|true|true\u00bb custom_padding_last_edited=\u00bbon|desktop\u00bb global_colors_info=\u00bb{}\u00bb][\/et_pb_column][\/et_pb_row][\/et_pb_section][et_pb_section fb_built=\u00bb1&#8243; _builder_version=\u00bb4.27.5&#8243; _module_preset=\u00bbdefault\u00bb background_color=\u00bb#f5f5f5&#8243; custom_padding=\u00bb0px||0px||true|false\u00bb locked=\u00bboff\u00bb global_colors_info=\u00bb{}\u00bb][et_pb_row _builder_version=\u00bb4.27.5&#8243; _module_preset=\u00bbdefault\u00bb custom_padding=\u00bb100px||0px|60px|false|false\u00bb animation_style=\u00bbslide\u00bb animation_direction=\u00bbtop\u00bb animation_delay=\u00bb150ms\u00bb animation_intensity_slide=\u00bb10%\u00bb border_width_left=\u00bb2px\u00bb global_colors_info=\u00bb{}\u00bb][et_pb_column type=\u00bb4_4&#8243; _builder_version=\u00bb4.27.5&#8243; _module_preset=\u00bbdefault\u00bb global_colors_info=\u00bb{}\u00bb][et_pb_text _builder_version=\u00bb4.27.5&#8243; _module_preset=\u00bbb327cbe4-b1d5-4b66-ad37-40c8f2f061ba\u00bb header_2_font=\u00bbPlayfair Display|700|||||||\u00bb header_2_text_color=\u00bb#000000&#8243; header_2_font_size=\u00bb45px\u00bb header_2_line_height=\u00bb1.35em\u00bb header_3_font=\u00bbPlayfair Display||||||||\u00bb header_3_font_size=\u00bb40px\u00bb header_3_line_height=\u00bb1.5em\u00bb custom_margin=\u00bb-6px|||||\u00bb custom_padding=\u00bb|0px||||\u00bb header_2_font_size_tablet=\u00bb32px\u00bb header_2_font_size_phone=\u00bb20px\u00bb header_2_font_size_last_edited=\u00bbon|desktop\u00bb locked=\u00bboff\u00bb global_colors_info=\u00bb{}\u00bb]<\/p>\n<h3>Jorge Fern\u00e1ndez Gonzalo (Madrid, 1982)<\/h3>\n<p>[\/et_pb_text][et_pb_text _builder_version=\u00bb4.27.5&#8243; _module_preset=\u00bb1f09816e-184e-4ce5-a4cf-b39c52c423ca\u00bb text_font=\u00bbMontserrat|300|||||||\u00bb text_line_height=\u00bb1.8em\u00bb background_color=\u00bbRGBA(255,255,255,0)\u00bb custom_margin=\u00bb2px|0px||0px|false|false\u00bb custom_padding=\u00bb|0px||0px|false|false\u00bb text_font_size_tablet=\u00bb15px\u00bb text_font_size_phone=\u00bb14px\u00bb text_font_size_last_edited=\u00bbon|phone\u00bb header_font_size_tablet=\u00bb55px\u00bb header_font_size_last_edited=\u00bboff|desktop\u00bb locked=\u00bboff\u00bb global_colors_info=\u00bb{}\u00bb]<\/p>\n<p>Doctor en Filolog\u00eda Hisp\u00e1nica por\u00a0la\u00a0UCM y en Filosof\u00eda por\u00a0la\u00a0UAM, es autor de m\u00e1s de una veintena de poemarios, por los que ha obtenido premios como el Joaqu\u00edn Benito de Lucas (<em>Mudo asombro<\/em>, 2004) o el premio Hiperi\u00f3n de poes\u00eda joven (<em>Una hoja de almendro<\/em>, 2004).<\/p>\n<p>En los \u00faltimos a\u00f1os ha recibido varios premios de poes\u00eda, como el Vicente N\u00fa\u00f1ez con\u00a0<em>Modelaje de un cuerpo<\/em>, el premio Amantes de Teruel con\u00a0<em>Ra\u00edz de la palabra<\/em>, el premio Santa Cruz de la Palma con\u00a0<em>Un gorri\u00f3n hecho de sombra<\/em>, el C\u00e9sar Sim\u00f3n con\u00a0<em>Como un buzo en medio del desierto<\/em>, el premio de poes\u00eda m\u00edstica Albacara con\u00a0<em>Epoj\u00e9<\/em>, o el premio Juan Gil-Albert Ciutat de Val\u00e8ncia con su libro\u00a0<em>Insectario<\/em>, entre otros.<\/p>\n<p>Como ensayista ha publicado una docena de libros de filosof\u00eda, sociolog\u00eda y teor\u00eda literaria. Entre ellos, destacan t\u00edtulos como\u00a0<em>Filosof\u00eda zombi\u00a0<\/em>(Finalista premio Anagrama 2011),\u00a0<em>Homo public<\/em>\u00a0(Premio Fray Luis de Le\u00f3n, 2014) o\u00a0<em>La resta risible\u00a0<\/em>(Premio Alfons el Magn\u00e0nim). Actualmente es profesor de filosof\u00eda en la Universidad Complutense de Madrid.<\/p>\n<p>[\/et_pb_text][\/et_pb_column][\/et_pb_row][\/et_pb_section][et_pb_section fb_built=\u00bb1&#8243; admin_label=\u00bbServices\u00bb _builder_version=\u00bb4.18.0&#8243; _module_preset=\u00bbdefault\u00bb background_color=\u00bb#F5F5F5&#8243; custom_margin=\u00bb0px|||||\u00bb custom_padding=\u00bb||30px|||\u00bb locked=\u00bboff\u00bb collapsed=\u00bbon\u00bb global_colors_info=\u00bb{}\u00bb][et_pb_row column_structure=\u00bb2_5,3_5&#8243; use_custom_gutter=\u00bbon\u00bb gutter_width=\u00bb2&#8243; _builder_version=\u00bb4.27.5&#8243; _module_preset=\u00bbdefault\u00bb custom_padding=\u00bb40px||50px|||\u00bb global_colors_info=\u00bb{}\u00bb][et_pb_column type=\u00bb2_5&#8243; _builder_version=\u00bb4.18.0&#8243; _module_preset=\u00bbdefault\u00bb global_colors_info=\u00bb{}\u00bb][et_pb_image src=\u00bbhttps:\/\/pruebas.dosocero.com\/wp-content\/uploads\/2026\/03\/JORGE-FERNANDEZ-GONZALO-1.jpg\u00bb title_text=\u00bbJORGE FERN\u00c1NDEZ GONZALO\u00bb url=\u00bbhttps:\/\/www.bajamareditores.com\/product\/un-invierno-en-otono\/\u00bb url_new_window=\u00bbon\u00bb _builder_version=\u00bb4.27.5&#8243; _module_preset=\u00bbdefault\u00bb width=\u00bb90%\u00bb hover_enabled=\u00bb0&#8243; global_colors_info=\u00bb{}\u00bb sticky_enabled=\u00bb0&#8243;][\/et_pb_image][\/et_pb_column][et_pb_column type=\u00bb3_5&#8243; _builder_version=\u00bb4.18.0&#8243; _module_preset=\u00bbdefault\u00bb global_colors_info=\u00bb{}\u00bb][et_pb_text _builder_version=\u00bb4.27.5&#8243; _module_preset=\u00bbb327cbe4-b1d5-4b66-ad37-40c8f2f061ba\u00bb header_2_font=\u00bbPlayfair Display|700|||||||\u00bb header_2_text_color=\u00bb#000000&#8243; header_2_font_size=\u00bb29px\u00bb header_2_line_height=\u00bb1.35em\u00bb header_3_font=\u00bbPlayfair Display||||||||\u00bb header_3_font_size=\u00bb30px\u00bb header_3_line_height=\u00bb1.5em\u00bb custom_margin=\u00bb-6px||3px|||\u00bb custom_padding=\u00bb|0px||||\u00bb header_2_font_size_tablet=\u00bb32px\u00bb header_2_font_size_phone=\u00bb20px\u00bb header_2_font_size_last_edited=\u00bbon|desktop\u00bb locked=\u00bboff\u00bb global_colors_info=\u00bb{}\u00bb]<\/p>\n<h3>\u00abTri\/to\/ma\u00bb<\/h3>\n<p>[\/et_pb_text][et_pb_text _builder_version=\u00bb4.27.5&#8243; _module_preset=\u00bb1f09816e-184e-4ce5-a4cf-b39c52c423ca\u00bb text_font=\u00bbMontserrat|300|||||||\u00bb text_text_color=\u00bb#000000&#8243; text_line_height=\u00bb1.8em\u00bb link_font=\u00bb|600|||||||\u00bb link_text_color=\u00bb#000000&#8243; background_color=\u00bbRGBA(255,255,255,0)\u00bb custom_margin=\u00bb0px|0px||0px|false|false\u00bb custom_padding=\u00bb|0px||0px|false|false\u00bb text_font_size_tablet=\u00bb15px\u00bb text_font_size_phone=\u00bb14px\u00bb text_font_size_last_edited=\u00bbon|phone\u00bb header_font_size_tablet=\u00bb55px\u00bb header_font_size_last_edited=\u00bboff|desktop\u00bb locked=\u00bboff\u00bb global_colors_info=\u00bb{}\u00bb]<\/p>\n<p>El fallo del Jurado tuvo lugar el pasado viernes 20 de febrero de 2026 en Madrid. Actu\u00f3 como presidenta Marina Casado, como secretario Francisco Jos\u00e9 Mart\u00ednez Mor\u00e1n y fueron vocales Eduardo Balb\u00e1s de Arenaza, Luisa Cruz Picallo, Amalia Bautista y Ver\u00f3nica Aranda. De las 1.220 obras presentadas este a\u00f1o, tras realizarse el correspondiente proceso de preselecci\u00f3n por tres profesionales de reconocido prestigio en el \u00e1mbito po\u00e9tico espa\u00f1ol, quince fueron sometidas a criterio directo del Jurado. Una vez resaltada un\u00e1nimemente la calidad de los manuscritos valorados y tras la oportuna deliberaci\u00f3n, acordaron por mayor\u00eda otorgar el Premio a la obra <em>Tri\/to\/ma,<\/em> presentada bajo la plica se\u00f1alada con el n\u00famero de orden 247, con seud\u00f3nimo \u00abFractura\u00bb.<\/p>\n<p>El jurado destac\u00f3 la coherencia simb\u00f3lica y estructural del libro, dividido en tres planos, que explora la fractura como origen del lenguaje y la experiencia humana. Asimismo, se mencion\u00f3 el dominio de la m\u00e9trica y la concisi\u00f3n, adem\u00e1s de un imaginario natural \u2013plantas, p\u00e1jaros, luz\u2013 de gran plasticidad, hilo conductor de una meditaci\u00f3n sobre el cuerpo y el acto mismo de escribir.<\/p>\n<p>[\/et_pb_text][\/et_pb_column][\/et_pb_row][\/et_pb_section][et_pb_section fb_built=\u00bb1&#8243; fullwidth=\u00bbon\u00bb _builder_version=\u00bb4.27.5&#8243; _module_preset=\u00bbdefault\u00bb global_colors_info=\u00bb{}\u00bb][et_pb_fullwidth_image src=\u00bbhttps:\/\/pruebas.dosocero.com\/wp-content\/uploads\/2026\/03\/JURADO-XXVI-EDICION-scaled.png\u00bb title_text=\u00bbJURADO XXVI EDICI\u00d3N\u00bb _builder_version=\u00bb4.27.5&#8243; _module_preset=\u00bbdefault\u00bb global_colors_info=\u00bb{}\u00bb][\/et_pb_fullwidth_image][\/et_pb_section]<\/p>\n","protected":false},"excerpt":{"rendered":"<p>JORGE FERN\u00c1NDEZ GONZALO POR TRI\/TO\/MAXXVI edici\u00f3nJorge Fern\u00e1ndez Gonzalo (Madrid, 1982)Doctor en Filolog\u00eda Hisp\u00e1nica por\u00a0la\u00a0UCM y en Filosof\u00eda por\u00a0la\u00a0UAM, es autor de m\u00e1s de una veintena de poemarios, por los que ha obtenido premios como el Joaqu\u00edn Benito de Lucas (Mudo asombro, 2004) o el premio Hiperi\u00f3n de poes\u00eda joven (Una hoja de almendro, 2004). En [&hellip;]<\/p>\n","protected":false},"author":1,"featured_media":0,"parent":0,"menu_order":0,"comment_status":"closed","ping_status":"closed","template":"","meta":{"_et_pb_use_builder":"on","_et_pb_old_content":"<!-- wp:divi\/placeholder \/-->","_et_gb_content_width":"","footnotes":""},"class_list":["post-933","page","type-page","status-publish","hentry"],"yoast_head":"<!-- This site is optimized with the Yoast SEO plugin v26.9 - https:\/\/yoast.com\/product\/yoast-seo-wordpress\/ -->\n<title>XXVI EDICI\u00d3N - PRUEBAS<\/title>\n<meta name=\"robots\" content=\"index, follow, max-snippet:-1, max-image-preview:large, max-video-preview:-1\" \/>\n<link rel=\"canonical\" href=\"https:\/\/pruebas.dosocero.com\/index.php\/xxvi-edicion\/\" \/>\n<meta property=\"og:locale\" content=\"es_ES\" \/>\n<meta property=\"og:type\" content=\"article\" \/>\n<meta property=\"og:title\" content=\"XXVI EDICI\u00d3N - PRUEBAS\" \/>\n<meta property=\"og:description\" content=\"JORGE FERN\u00c1NDEZ GONZALO POR TRI\/TO\/MAXXVI edici\u00f3nJorge Fern\u00e1ndez Gonzalo (Madrid, 1982)Doctor en Filolog\u00eda Hisp\u00e1nica por\u00a0la\u00a0UCM y en Filosof\u00eda por\u00a0la\u00a0UAM, es autor de m\u00e1s de una veintena de poemarios, por los que ha obtenido premios como el Joaqu\u00edn Benito de Lucas (Mudo asombro, 2004) o el premio Hiperi\u00f3n de poes\u00eda joven (Una hoja de almendro, 2004). En [&hellip;]\" \/>\n<meta property=\"og:url\" content=\"https:\/\/pruebas.dosocero.com\/index.php\/xxvi-edicion\/\" \/>\n<meta property=\"og:site_name\" content=\"PRUEBAS\" \/>\n<meta property=\"article:modified_time\" content=\"2026-03-16T10:21:13+00:00\" \/>\n<meta name=\"twitter:card\" content=\"summary_large_image\" \/>\n<script type=\"application\/ld+json\" class=\"yoast-schema-graph\">{\"@context\":\"https:\/\/schema.org\",\"@graph\":[{\"@type\":\"WebPage\",\"@id\":\"https:\/\/pruebas.dosocero.com\/index.php\/xxvi-edicion\/\",\"url\":\"https:\/\/pruebas.dosocero.com\/index.php\/xxvi-edicion\/\",\"name\":\"XXVI EDICI\u00d3N - PRUEBAS\",\"isPartOf\":{\"@id\":\"https:\/\/pruebas.dosocero.com\/#website\"},\"datePublished\":\"2026-03-11T13:08:18+00:00\",\"dateModified\":\"2026-03-16T10:21:13+00:00\",\"breadcrumb\":{\"@id\":\"https:\/\/pruebas.dosocero.com\/index.php\/xxvi-edicion\/#breadcrumb\"},\"inLanguage\":\"es\",\"potentialAction\":[{\"@type\":\"ReadAction\",\"target\":[\"https:\/\/pruebas.dosocero.com\/index.php\/xxvi-edicion\/\"]}]},{\"@type\":\"BreadcrumbList\",\"@id\":\"https:\/\/pruebas.dosocero.com\/index.php\/xxvi-edicion\/#breadcrumb\",\"itemListElement\":[{\"@type\":\"ListItem\",\"position\":1,\"name\":\"Portada\",\"item\":\"https:\/\/pruebas.dosocero.com\/\"},{\"@type\":\"ListItem\",\"position\":2,\"name\":\"XXVI EDICI\u00d3N\"}]},{\"@type\":\"WebSite\",\"@id\":\"https:\/\/pruebas.dosocero.com\/#website\",\"url\":\"https:\/\/pruebas.dosocero.com\/\",\"name\":\"PRUEBAS\",\"description\":\"S&oacute;lo otro sitio de WordPress\",\"potentialAction\":[{\"@type\":\"SearchAction\",\"target\":{\"@type\":\"EntryPoint\",\"urlTemplate\":\"https:\/\/pruebas.dosocero.com\/?s={search_term_string}\"},\"query-input\":{\"@type\":\"PropertyValueSpecification\",\"valueRequired\":true,\"valueName\":\"search_term_string\"}}],\"inLanguage\":\"es\"}]}<\/script>\n<!-- \/ Yoast SEO plugin. -->","yoast_head_json":{"title":"XXVI EDICI\u00d3N - PRUEBAS","robots":{"index":"index","follow":"follow","max-snippet":"max-snippet:-1","max-image-preview":"max-image-preview:large","max-video-preview":"max-video-preview:-1"},"canonical":"https:\/\/pruebas.dosocero.com\/index.php\/xxvi-edicion\/","og_locale":"es_ES","og_type":"article","og_title":"XXVI EDICI\u00d3N - PRUEBAS","og_description":"JORGE FERN\u00c1NDEZ GONZALO POR TRI\/TO\/MAXXVI edici\u00f3nJorge Fern\u00e1ndez Gonzalo (Madrid, 1982)Doctor en Filolog\u00eda Hisp\u00e1nica por\u00a0la\u00a0UCM y en Filosof\u00eda por\u00a0la\u00a0UAM, es autor de m\u00e1s de una veintena de poemarios, por los que ha obtenido premios como el Joaqu\u00edn Benito de Lucas (Mudo asombro, 2004) o el premio Hiperi\u00f3n de poes\u00eda joven (Una hoja de almendro, 2004). En [&hellip;]","og_url":"https:\/\/pruebas.dosocero.com\/index.php\/xxvi-edicion\/","og_site_name":"PRUEBAS","article_modified_time":"2026-03-16T10:21:13+00:00","twitter_card":"summary_large_image","schema":{"@context":"https:\/\/schema.org","@graph":[{"@type":"WebPage","@id":"https:\/\/pruebas.dosocero.com\/index.php\/xxvi-edicion\/","url":"https:\/\/pruebas.dosocero.com\/index.php\/xxvi-edicion\/","name":"XXVI EDICI\u00d3N - PRUEBAS","isPartOf":{"@id":"https:\/\/pruebas.dosocero.com\/#website"},"datePublished":"2026-03-11T13:08:18+00:00","dateModified":"2026-03-16T10:21:13+00:00","breadcrumb":{"@id":"https:\/\/pruebas.dosocero.com\/index.php\/xxvi-edicion\/#breadcrumb"},"inLanguage":"es","potentialAction":[{"@type":"ReadAction","target":["https:\/\/pruebas.dosocero.com\/index.php\/xxvi-edicion\/"]}]},{"@type":"BreadcrumbList","@id":"https:\/\/pruebas.dosocero.com\/index.php\/xxvi-edicion\/#breadcrumb","itemListElement":[{"@type":"ListItem","position":1,"name":"Portada","item":"https:\/\/pruebas.dosocero.com\/"},{"@type":"ListItem","position":2,"name":"XXVI EDICI\u00d3N"}]},{"@type":"WebSite","@id":"https:\/\/pruebas.dosocero.com\/#website","url":"https:\/\/pruebas.dosocero.com\/","name":"PRUEBAS","description":"S&oacute;lo otro sitio de WordPress","potentialAction":[{"@type":"SearchAction","target":{"@type":"EntryPoint","urlTemplate":"https:\/\/pruebas.dosocero.com\/?s={search_term_string}"},"query-input":{"@type":"PropertyValueSpecification","valueRequired":true,"valueName":"search_term_string"}}],"inLanguage":"es"}]}},"_links":{"self":[{"href":"https:\/\/pruebas.dosocero.com\/index.php\/wp-json\/wp\/v2\/pages\/933","targetHints":{"allow":["GET"]}}],"collection":[{"href":"https:\/\/pruebas.dosocero.com\/index.php\/wp-json\/wp\/v2\/pages"}],"about":[{"href":"https:\/\/pruebas.dosocero.com\/index.php\/wp-json\/wp\/v2\/types\/page"}],"author":[{"embeddable":true,"href":"https:\/\/pruebas.dosocero.com\/index.php\/wp-json\/wp\/v2\/users\/1"}],"replies":[{"embeddable":true,"href":"https:\/\/pruebas.dosocero.com\/index.php\/wp-json\/wp\/v2\/comments?post=933"}],"version-history":[{"count":5,"href":"https:\/\/pruebas.dosocero.com\/index.php\/wp-json\/wp\/v2\/pages\/933\/revisions"}],"predecessor-version":[{"id":1038,"href":"https:\/\/pruebas.dosocero.com\/index.php\/wp-json\/wp\/v2\/pages\/933\/revisions\/1038"}],"wp:attachment":[{"href":"https:\/\/pruebas.dosocero.com\/index.php\/wp-json\/wp\/v2\/media?parent=933"}],"curies":[{"name":"wp","href":"https:\/\/api.w.org\/{rel}","templated":true}]}}